{"id":82,"date":"2015-02-27T15:04:50","date_gmt":"2015-02-27T15:04:50","guid":{"rendered":"http:\/\/lecoiffeurbylisa.fr\/?page_id=82"},"modified":"2015-02-27T15:08:58","modified_gmt":"2015-02-27T15:08:58","slug":"mentions-legales","status":"publish","type":"page","link":"https:\/\/lecoiffeurbylisa.fr\/?page_id=82","title":{"rendered":"Mentions l\u00e9gales"},"content":{"rendered":"<p>Mentions l\u00e9gales<br \/>\nSite Internet publi\u00e9 par :<br \/>\nSARL Hair Business D\u00e9veloppement<br \/>\n5 rue Docteur Zamenhof<br \/>\n44200 NANTES<br \/>\nFRANCE<br \/>\nSIREN : 753 709 666<\/p>\n<p>APE-NAF : 8532Z<\/p>\n<p>Site h\u00e9berg\u00e9 par : OVH 2 rue Kellermann &#8211; 59100 Roubaix &#8211; France. www.ovh.com<\/p>\n<p>1) DROITS D&rsquo;AUTEUR<br \/>\nCe site est la propri\u00e9t\u00e9 de le Coiffeur by lisa.fr et est compos\u00e9 en totalit\u00e9 du contenu fourni par Hair Business D\u00e9veloppement. Il est prot\u00e9g\u00e9 par la r\u00e9glementation et les lois internationales sur les droits d&rsquo;auteur, les marques d\u00e9pos\u00e9es et la propri\u00e9t\u00e9 intellectuelle en vigueur. Vous ne pouvez modifier, copier, reproduire, republier, t\u00e9l\u00e9charger, envoyer, afficher, transmettre ou distribuer, de quelque fa\u00e7on que ce soit, du contenu provenant de ce site.<\/p>\n<p>2) LICENCE<br \/>\nEn publiant des messages ou en proc\u00e9dant \u00e0 quelque forme de communication possible sur ce site, vous en accordez les droits \u00e0 Hair Business D\u00e9veloppement sans aucune redevance ou restriction, de fa\u00e7on perp\u00e9tuelle, non-exclusive et internationale afin d&rsquo;utiliser, copier, licencier, adapter, transmettre, afficher ou repr\u00e9senter cette information au public<\/p>\n<p>3) LISTE DE DIFFUSION<br \/>\nLe Coiffeur by lisa.fr s&rsquo;engage \u00e0 respecter la vie priv\u00e9e des utilisateurs\u00a0 le Coiffeur by lisa.fr ne contr\u00f4lera, ne changera ni ne divulguera les informations concernant votre personne et votre adresse de courrier \u00e9lectronique sans votre permission, \u00e0 moins que Hair Business D\u00e9veloppement ait des raisons acceptables de croire qu&rsquo;une telle action serait n\u00e9cessaire afin de respecter les obligations ou les proc\u00e9dures juridiques afin d&rsquo;agir pour prot\u00e9ger les int\u00e9r\u00eats de ses utilisateurs ou des tiers.<br \/>\nPar la pr\u00e9sente, vous autorisez \u00e0 Hair Business D\u00e9veloppement d&rsquo;utiliser les adresses de courrier \u00e9lectronique et\/ ou autres informations personnelles identifiables afin de vous contacter dans le but de vous adresser des lettres hebdomadaires par courrier \u00e9lectronique. Si, \u00e0 tout instant, vous ne d\u00e9sirez plus \u00eatre contact\u00e9(e) pour les raisons mentionn\u00e9es ci-dessus, veuillez adresser un message \u00e9lectronique \u00e0 le Coiffeur by lisa.fr.<\/p>\n<p>4) JURIDICTION<br \/>\nCes conditions g\u00e9n\u00e9rales d&rsquo;utilisation seront soumises au, et interpr\u00e9t\u00e9es en conformit\u00e9 avec, le droit francais.<br \/>\nVous et\u00a0 le Coiffeur by lisa.fr acceptez de vous soumettre \u00e0 la juridiction exclusive du tribunal de commerce de Nantes. Si une des clauses de ces conditions g\u00e9n\u00e9rales d&rsquo;utilisation est r\u00e9put\u00e9e ill\u00e9gale par une juridiction comp\u00e9tente, alors ces clauses seront interpr\u00e9t\u00e9es en concordance \u00e9troite avec l&rsquo;intention originale des parties, les autres clauses maintenant leur validit\u00e9 int\u00e9grale. L&rsquo;omission de\u00a0 le Coiffeur by lisa.fr de faire ex\u00e9cuter toutes ou partie des conditions g\u00e9n\u00e9rales ne constitue en aucun cas une dispense de l&rsquo;application de ces droits ou clauses, \u00e0 moins que cela soit confirm\u00e9 et accept\u00e9 par \u00e9crit par le Coiffeur by lisa.fr.<br \/>\nVous et\u00a0 le Coiffeur by lisa.fr acceptent que toute poursuite dont l&rsquo;origine provient de ces conditions g\u00e9n\u00e9rales d&rsquo;utilisation doit \u00eatre initi\u00e9e au plus tard un an apr\u00e8s la date d&rsquo;origine de cette poursuite; dans le cas contraire, cette poursuite serait r\u00e9put\u00e9e non valable.<\/p>\n","protected":false},"excerpt":{"rendered":"<p>Mentions l\u00e9gales Site Internet publi\u00e9 par : SARL Hair Business D\u00e9veloppement 5 rue Docteur Zamenhof 44200 NANTES FRANCE SIREN : 753 709 666 APE-NAF : 8532Z Site h\u00e9berg\u00e9 par : OVH 2 rue Kellermann &#8211; 59100 Roubaix &#8211; France. www.ovh.com 1) DROITS D&rsquo;AUTEUR Ce site est la propri\u00e9t\u00e9 de le Coiffeur by lisa.fr et est [&hellip;]<\/p>\n","protected":false},"author":2,"featured_media":0,"parent":0,"menu_order":0,"comment_status":"closed","ping_status":"closed","template":"","meta":{"footnotes":""},"_links":{"self":[{"href":"https:\/\/lecoiffeurbylisa.fr\/index.php?rest_route=\/wp\/v2\/pages\/82"}],"collection":[{"href":"https:\/\/lecoiffeurbylisa.fr\/index.php?rest_route=\/wp\/v2\/pages"}],"about":[{"href":"https:\/\/lecoiffeurbylisa.fr\/index.php?rest_route=\/wp\/v2\/types\/page"}],"author":[{"embeddable":true,"href":"https:\/\/lecoiffeurbylisa.fr\/index.php?rest_route=\/wp\/v2\/users\/2"}],"replies":[{"embeddable":true,"href":"https:\/\/lecoiffeurbylisa.fr\/index.php?rest_route=%2Fwp%2Fv2%2Fcomments&post=82"}],"version-history":[{"count":3,"href":"https:\/\/lecoiffeurbylisa.fr\/index.php?rest_route=\/wp\/v2\/pages\/82\/revisions"}],"predecessor-version":[{"id":85,"href":"https:\/\/lecoiffeurbylisa.fr\/index.php?rest_route=\/wp\/v2\/pages\/82\/revisions\/85"}],"wp:attachment":[{"href":"https:\/\/lecoiffeurbylisa.fr\/index.php?rest_route=%2Fwp%2Fv2%2Fmedia&parent=82"}],"curies":[{"name":"wp","href":"https:\/\/api.w.org\/{rel}","templated":true}]}}