{"id":23,"date":"2015-02-03T13:15:45","date_gmt":"2015-02-03T13:15:45","guid":{"rendered":"http:\/\/lecoiffeurbylisa.fr\/?page_id=23"},"modified":"2015-02-27T15:02:59","modified_gmt":"2015-02-27T15:02:59","slug":"donnez-votre-avis","status":"publish","type":"page","link":"https:\/\/lecoiffeurbylisa.fr\/?page_id=23","title":{"rendered":"Donnez votre avis"},"content":{"rendered":"<p>Merci de r\u00e9pondre \u00e0 ce questionnaire afin d&rsquo;am\u00e9liorer au mieux nos services.<\/p>\n<div role=\"form\" class=\"wpcf7\" id=\"wpcf7-f22-o1\" lang=\"fr-FR\" dir=\"ltr\">\n<div class=\"screen-reader-response\"><p role=\"status\" aria-live=\"polite\" aria-atomic=\"true\"><\/p> <ul><\/ul><\/div>\n<form action=\"\/index.php?rest_route=%2Fwp%2Fv2%2Fpages%2F23#wpcf7-f22-o1\" method=\"post\" class=\"wpcf7-form init\" novalidate=\"novalidate\" data-status=\"init\">\n<div style=\"display: none;\">\n<input type=\"hidden\" name=\"_wpcf7\" value=\"22\" \/>\n<input type=\"hidden\" name=\"_wpcf7_version\" value=\"5.5.3\" \/>\n<input type=\"hidden\" name=\"_wpcf7_locale\" value=\"fr_FR\" \/>\n<input type=\"hidden\" name=\"_wpcf7_unit_tag\" value=\"wpcf7-f22-o1\" \/>\n<input type=\"hidden\" name=\"_wpcf7_container_post\" value=\"0\" \/>\n<input type=\"hidden\" name=\"_wpcf7_posted_data_hash\" value=\"\" \/>\n<\/div>\n<h3><font color=\"#00ADAD\"> Au t\u00e9l\u00e9phone<\/font><\/h3>\n<table>\n<tr>\n<td width=\"33%\">Accueil T\u00e9l\u00e9phonique<br \/>\n<span class=\"wpcf7-form-control-wrap checkbox-751\"><span class=\"wpcf7-form-control wpcf7-checkbox wpcf7-exclusive-checkbox\"><span class=\"wpcf7-list-item first last\"><label><input type=\"checkbox\" name=\"checkbox-751\" value=\"Tr\u00e8s satisfaisant\" \/><span class=\"wpcf7-list-item-label\">Tr\u00e8s satisfaisant<\/span><\/label><\/span><\/span><\/span><br \/>\n<span class=\"wpcf7-form-control-wrap checkbox-751\"><span class=\"wpcf7-form-control wpcf7-checkbox wpcf7-exclusive-checkbox\"><span class=\"wpcf7-list-item first last\"><label><input type=\"checkbox\" name=\"checkbox-751\" value=\"Satisfaisant\" \/><span class=\"wpcf7-list-item-label\">Satisfaisant<\/span><\/label><\/span><\/span><\/span><br \/>\n<span class=\"wpcf7-form-control-wrap checkbox-751\"><span class=\"wpcf7-form-control wpcf7-checkbox wpcf7-exclusive-checkbox\"><span class=\"wpcf7-list-item first last\"><label><input type=\"checkbox\" name=\"checkbox-751\" value=\"Peu satisfaisant\" \/><span class=\"wpcf7-list-item-label\">Peu satisfaisant<\/span><\/label><\/span><\/span><\/span><br \/>\n<span class=\"wpcf7-form-control-wrap checkbox-751\"><span class=\"wpcf7-form-control wpcf7-checkbox wpcf7-exclusive-checkbox\"><span class=\"wpcf7-list-item first last\"><label><input type=\"checkbox\" name=\"checkbox-751\" value=\"Pas du tout satisfaisant\" \/><span class=\"wpcf7-list-item-label\">Pas du tout satisfaisant<\/span><\/label><\/span><\/span><\/span>\n<\/td>\n<td width=\"33%\">Choix des horaires<br \/>\n<span class=\"wpcf7-form-control-wrap checkbox-506\"><span class=\"wpcf7-form-control wpcf7-checkbox wpcf7-exclusive-checkbox\"><span class=\"wpcf7-list-item first last\"><label><input type=\"checkbox\" name=\"checkbox-506\" value=\"Tr\u00e8s satisfaisant\" \/><span class=\"wpcf7-list-item-label\">Tr\u00e8s satisfaisant<\/span><\/label><\/span><\/span><\/span><br \/>\n<span class=\"wpcf7-form-control-wrap checkbox-506\"><span class=\"wpcf7-form-control wpcf7-checkbox wpcf7-exclusive-checkbox\"><span class=\"wpcf7-list-item first last\"><label><input type=\"checkbox\" name=\"checkbox-506\" value=\"Satisfaisant\" \/><span class=\"wpcf7-list-item-label\">Satisfaisant<\/span><\/label><\/span><\/span><\/span><br \/>\n<span class=\"wpcf7-form-control-wrap checkbox-506\"><span class=\"wpcf7-form-control wpcf7-checkbox wpcf7-exclusive-checkbox\"><span class=\"wpcf7-list-item first last\"><label><input type=\"checkbox\" name=\"checkbox-506\" value=\"Peu satisfaisant\" \/><span class=\"wpcf7-list-item-label\">Peu satisfaisant<\/span><\/label><\/span><\/span><\/span><br \/>\n<span class=\"wpcf7-form-control-wrap checkbox-506\"><span class=\"wpcf7-form-control wpcf7-checkbox wpcf7-exclusive-checkbox\"><span class=\"wpcf7-list-item first last\"><label><input type=\"checkbox\" name=\"checkbox-506\" value=\"Pas du tout satisfaisant\" \/><span class=\"wpcf7-list-item-label\">Pas du tout satisfaisant<\/span><\/label><\/span><\/span><\/span>\n<\/td>\n<td width=\"34%\">Proposition de service<br \/>\n<span class=\"wpcf7-form-control-wrap checkbox-236\"><span class=\"wpcf7-form-control wpcf7-checkbox wpcf7-exclusive-checkbox\"><span class=\"wpcf7-list-item first last\"><label><input type=\"checkbox\" name=\"checkbox-236\" value=\"Tr\u00e8s satisfaisant\" \/><span class=\"wpcf7-list-item-label\">Tr\u00e8s satisfaisant<\/span><\/label><\/span><\/span><\/span><br \/>\n<span class=\"wpcf7-form-control-wrap checkbox-236\"><span class=\"wpcf7-form-control wpcf7-checkbox wpcf7-exclusive-checkbox\"><span class=\"wpcf7-list-item first last\"><label><input type=\"checkbox\" name=\"checkbox-236\" value=\"Satisfaisant\" \/><span class=\"wpcf7-list-item-label\">Satisfaisant<\/span><\/label><\/span><\/span><\/span><br \/>\n<span class=\"wpcf7-form-control-wrap checkbox-236\"><span class=\"wpcf7-form-control wpcf7-checkbox wpcf7-exclusive-checkbox\"><span class=\"wpcf7-list-item first last\"><label><input type=\"checkbox\" name=\"checkbox-236\" value=\"Peu satisfaisant\" \/><span class=\"wpcf7-list-item-label\">Peu satisfaisant<\/span><\/label><\/span><\/span><\/span><br \/>\n<span class=\"wpcf7-form-control-wrap checkbox-236\"><span class=\"wpcf7-form-control wpcf7-checkbox wpcf7-exclusive-checkbox\"><span class=\"wpcf7-list-item first last\"><label><input type=\"checkbox\" name=\"checkbox-236\" value=\"Pas du tout satisfaisant\" \/><span class=\"wpcf7-list-item-label\">Pas du tout satisfaisant<\/span><\/label><\/span><\/span><\/span>\n<\/td>\n<\/tr>\n<\/table>\n<h3><font color=\"#00ADAD\"> Accueil au salon<\/font><\/h3>\n<table>\n<tr>\n<td width=\"33%\">Accueil \u00e0 votre arriv\u00e9e<br \/>\n<span class=\"wpcf7-form-control-wrap checkbox-752\"><span class=\"wpcf7-form-control wpcf7-checkbox wpcf7-exclusive-checkbox\"><span class=\"wpcf7-list-item first last\"><label><input type=\"checkbox\" name=\"checkbox-752\" value=\"Tr\u00e8s satisfaisant\" \/><span class=\"wpcf7-list-item-label\">Tr\u00e8s satisfaisant<\/span><\/label><\/span><\/span><\/span><br \/>\n<span class=\"wpcf7-form-control-wrap checkbox-752\"><span class=\"wpcf7-form-control wpcf7-checkbox wpcf7-exclusive-checkbox\"><span class=\"wpcf7-list-item first last\"><label><input type=\"checkbox\" name=\"checkbox-752\" value=\"Satisfaisant\" \/><span class=\"wpcf7-list-item-label\">Satisfaisant<\/span><\/label><\/span><\/span><\/span><br \/>\n<span class=\"wpcf7-form-control-wrap checkbox-752\"><span class=\"wpcf7-form-control wpcf7-checkbox wpcf7-exclusive-checkbox\"><span class=\"wpcf7-list-item first last\"><label><input type=\"checkbox\" name=\"checkbox-752\" value=\"Peu satisfaisant\" \/><span class=\"wpcf7-list-item-label\">Peu satisfaisant<\/span><\/label><\/span><\/span><\/span><br \/>\n<span class=\"wpcf7-form-control-wrap checkbox-752\"><span class=\"wpcf7-form-control wpcf7-checkbox wpcf7-exclusive-checkbox\"><span class=\"wpcf7-list-item first last\"><label><input type=\"checkbox\" name=\"checkbox-752\" value=\"Pas du tout satisfaisant\" \/><span class=\"wpcf7-list-item-label\">Pas du tout satisfaisant<\/span><\/label><\/span><\/span><\/span>\n<\/td>\n<td width=\"33%\">Attente avant prestation<br \/>\n<span class=\"wpcf7-form-control-wrap checkbox-507\"><span class=\"wpcf7-form-control wpcf7-checkbox wpcf7-exclusive-checkbox\"><span class=\"wpcf7-list-item first last\"><label><input type=\"checkbox\" name=\"checkbox-507\" value=\"Tr\u00e8s satisfaisant\" \/><span class=\"wpcf7-list-item-label\">Tr\u00e8s satisfaisant<\/span><\/label><\/span><\/span><\/span><br \/>\n<span class=\"wpcf7-form-control-wrap checkbox-507\"><span class=\"wpcf7-form-control wpcf7-checkbox wpcf7-exclusive-checkbox\"><span class=\"wpcf7-list-item first last\"><label><input type=\"checkbox\" name=\"checkbox-507\" value=\"Satisfaisant\" \/><span class=\"wpcf7-list-item-label\">Satisfaisant<\/span><\/label><\/span><\/span><\/span><br \/>\n<span class=\"wpcf7-form-control-wrap checkbox-507\"><span class=\"wpcf7-form-control wpcf7-checkbox wpcf7-exclusive-checkbox\"><span class=\"wpcf7-list-item first last\"><label><input type=\"checkbox\" name=\"checkbox-507\" value=\"Peu satisfaisant\" \/><span class=\"wpcf7-list-item-label\">Peu satisfaisant<\/span><\/label><\/span><\/span><\/span><br \/>\n<span class=\"wpcf7-form-control-wrap checkbox-507\"><span class=\"wpcf7-form-control wpcf7-checkbox wpcf7-exclusive-checkbox\"><span class=\"wpcf7-list-item first last\"><label><input type=\"checkbox\" name=\"checkbox-507\" value=\"Pas du tout satisfaisant\" \/><span class=\"wpcf7-list-item-label\">Pas du tout satisfaisant<\/span><\/label><\/span><\/span><\/span>\n<\/td>\n<td width=\"34%\">Propret\u00e9 Hygi\u00e8ne et rangement<br \/>\n<span class=\"wpcf7-form-control-wrap checkbox-237\"><span class=\"wpcf7-form-control wpcf7-checkbox wpcf7-exclusive-checkbox\"><span class=\"wpcf7-list-item first last\"><label><input type=\"checkbox\" name=\"checkbox-237\" value=\"Tr\u00e8s satisfaisant\" \/><span class=\"wpcf7-list-item-label\">Tr\u00e8s satisfaisant<\/span><\/label><\/span><\/span><\/span><br \/>\n<span class=\"wpcf7-form-control-wrap checkbox-237\"><span class=\"wpcf7-form-control wpcf7-checkbox wpcf7-exclusive-checkbox\"><span class=\"wpcf7-list-item first last\"><label><input type=\"checkbox\" name=\"checkbox-237\" value=\"Satisfaisant\" \/><span class=\"wpcf7-list-item-label\">Satisfaisant<\/span><\/label><\/span><\/span><\/span><br \/>\n<span class=\"wpcf7-form-control-wrap checkbox-237\"><span class=\"wpcf7-form-control wpcf7-checkbox wpcf7-exclusive-checkbox\"><span class=\"wpcf7-list-item first last\"><label><input type=\"checkbox\" name=\"checkbox-237\" value=\"Peu satisfaisant\" \/><span class=\"wpcf7-list-item-label\">Peu satisfaisant<\/span><\/label><\/span><\/span><\/span><br \/>\n<span class=\"wpcf7-form-control-wrap checkbox-237\"><span class=\"wpcf7-form-control wpcf7-checkbox wpcf7-exclusive-checkbox\"><span class=\"wpcf7-list-item first last\"><label><input type=\"checkbox\" name=\"checkbox-237\" value=\"Pas du tout satisfaisant\" \/><span class=\"wpcf7-list-item-label\">Pas du tout satisfaisant<\/span><\/label><\/span><\/span><\/span>\n<\/td>\n<\/tr>\n<\/table>\n<h3><font color=\"#00ADAD\">Prestation<\/font><\/h3>\n<table>\n<tr>\n<td width=\"33%\">Avant la prestation<br \/>\n<i>Avez-vous eu un diagnostic ou un conseil : <\/i><br \/>\n<span class=\"wpcf7-form-control-wrap checkbox-753\"><span class=\"wpcf7-form-control wpcf7-checkbox wpcf7-exclusive-checkbox\"><span class=\"wpcf7-list-item first last\"><label><input type=\"checkbox\" name=\"checkbox-753\" value=\"oui\" \/><span class=\"wpcf7-list-item-label\">oui<\/span><\/label><\/span><\/span><\/span><br \/>\n<span class=\"wpcf7-form-control-wrap checkbox-753\"><span class=\"wpcf7-form-control wpcf7-checkbox wpcf7-exclusive-checkbox\"><span class=\"wpcf7-list-item first last\"><label><input type=\"checkbox\" name=\"checkbox-753\" value=\"non\" \/><span class=\"wpcf7-list-item-label\">non<\/span><\/label><\/span><\/span><\/span><br \/>\n<i>Avez-vous eu le devis de votre prestation : <\/i><br \/>\n<span class=\"wpcf7-form-control-wrap checkbox-759\"><span class=\"wpcf7-form-control wpcf7-checkbox wpcf7-exclusive-checkbox\"><span class=\"wpcf7-list-item first last\"><label><input type=\"checkbox\" name=\"checkbox-759\" value=\"oui\" \/><span class=\"wpcf7-list-item-label\">oui<\/span><\/label><\/span><\/span><\/span><br \/>\n<span class=\"wpcf7-form-control-wrap checkbox-759\"><span class=\"wpcf7-form-control wpcf7-checkbox wpcf7-exclusive-checkbox\"><span class=\"wpcf7-list-item first last\"><label><input type=\"checkbox\" name=\"checkbox-759\" value=\"non\" \/><span class=\"wpcf7-list-item-label\">non<\/span><\/label><\/span><\/span><\/span>\n<\/td>\n<td width=\"33%\">Rapport qualit\u00e9\/prix<br \/>\n<span class=\"wpcf7-form-control-wrap checkbox-508\"><span class=\"wpcf7-form-control wpcf7-checkbox wpcf7-exclusive-checkbox\"><span class=\"wpcf7-list-item first last\"><label><input type=\"checkbox\" name=\"checkbox-508\" value=\"Tr\u00e8s satisfaisant\" \/><span class=\"wpcf7-list-item-label\">Tr\u00e8s satisfaisant<\/span><\/label><\/span><\/span><\/span><br \/>\n<span class=\"wpcf7-form-control-wrap checkbox-508\"><span class=\"wpcf7-form-control wpcf7-checkbox wpcf7-exclusive-checkbox\"><span class=\"wpcf7-list-item first last\"><label><input type=\"checkbox\" name=\"checkbox-508\" value=\"Satisfaisant\" \/><span class=\"wpcf7-list-item-label\">Satisfaisant<\/span><\/label><\/span><\/span><\/span><br \/>\n<span class=\"wpcf7-form-control-wrap checkbox-508\"><span class=\"wpcf7-form-control wpcf7-checkbox wpcf7-exclusive-checkbox\"><span class=\"wpcf7-list-item first last\"><label><input type=\"checkbox\" name=\"checkbox-508\" value=\"Peu satisfaisant\" \/><span class=\"wpcf7-list-item-label\">Peu satisfaisant<\/span><\/label><\/span><\/span><\/span><br \/>\n<span class=\"wpcf7-form-control-wrap checkbox-508\"><span class=\"wpcf7-form-control wpcf7-checkbox wpcf7-exclusive-checkbox\"><span class=\"wpcf7-list-item first last\"><label><input type=\"checkbox\" name=\"checkbox-508\" value=\"Pas du tout satisfaisant\" \/><span class=\"wpcf7-list-item-label\">Pas du tout satisfaisant<\/span><\/label><\/span><\/span><\/span>\n<\/td>\n<td width=\"34%\">Prestation globale<br \/>\n<span class=\"wpcf7-form-control-wrap checkbox-238\"><span class=\"wpcf7-form-control wpcf7-checkbox wpcf7-exclusive-checkbox\"><span class=\"wpcf7-list-item first last\"><label><input type=\"checkbox\" name=\"checkbox-238\" value=\"Tr\u00e8s satisfaisant\" \/><span class=\"wpcf7-list-item-label\">Tr\u00e8s satisfaisant<\/span><\/label><\/span><\/span><\/span><br \/>\n<span class=\"wpcf7-form-control-wrap checkbox-238\"><span class=\"wpcf7-form-control wpcf7-checkbox wpcf7-exclusive-checkbox\"><span class=\"wpcf7-list-item first last\"><label><input type=\"checkbox\" name=\"checkbox-238\" value=\"Satisfaisant\" \/><span class=\"wpcf7-list-item-label\">Satisfaisant<\/span><\/label><\/span><\/span><\/span><br \/>\n<span class=\"wpcf7-form-control-wrap checkbox-238\"><span class=\"wpcf7-form-control wpcf7-checkbox wpcf7-exclusive-checkbox\"><span class=\"wpcf7-list-item first last\"><label><input type=\"checkbox\" name=\"checkbox-238\" value=\"Peu satisfaisant\" \/><span class=\"wpcf7-list-item-label\">Peu satisfaisant<\/span><\/label><\/span><\/span><\/span><br \/>\n<span class=\"wpcf7-form-control-wrap checkbox-238\"><span class=\"wpcf7-form-control wpcf7-checkbox wpcf7-exclusive-checkbox\"><span class=\"wpcf7-list-item first last\"><label><input type=\"checkbox\" name=\"checkbox-238\" value=\"Pas du tout satisfaisant\" \/><span class=\"wpcf7-list-item-label\">Pas du tout satisfaisant<\/span><\/label><\/span><\/span><\/span>\n<\/td>\n<\/tr>\n<\/table>\n<h3><font color=\"#00ADAD\">Fin de visite<\/font><\/h3>\n<table>\n<tr>\n<td width=\"33%\">Encaissement<br \/>\n<span class=\"wpcf7-form-control-wrap checkbox-509\"><span class=\"wpcf7-form-control wpcf7-checkbox wpcf7-exclusive-checkbox\"><span class=\"wpcf7-list-item first last\"><label><input type=\"checkbox\" name=\"checkbox-509\" value=\"Tr\u00e8s satisfaisant\" \/><span class=\"wpcf7-list-item-label\">Tr\u00e8s satisfaisant<\/span><\/label><\/span><\/span><\/span><br \/>\n<span class=\"wpcf7-form-control-wrap checkbox-509\"><span class=\"wpcf7-form-control wpcf7-checkbox wpcf7-exclusive-checkbox\"><span class=\"wpcf7-list-item first last\"><label><input type=\"checkbox\" name=\"checkbox-509\" value=\"Satisfaisant\" \/><span class=\"wpcf7-list-item-label\">Satisfaisant<\/span><\/label><\/span><\/span><\/span><br \/>\n<span class=\"wpcf7-form-control-wrap checkbox-509\"><span class=\"wpcf7-form-control wpcf7-checkbox wpcf7-exclusive-checkbox\"><span class=\"wpcf7-list-item first last\"><label><input type=\"checkbox\" name=\"checkbox-509\" value=\"Peu satisfaisant\" \/><span class=\"wpcf7-list-item-label\">Peu satisfaisant<\/span><\/label><\/span><\/span><\/span><br \/>\n<span class=\"wpcf7-form-control-wrap checkbox-509\"><span class=\"wpcf7-form-control wpcf7-checkbox wpcf7-exclusive-checkbox\"><span class=\"wpcf7-list-item first last\"><label><input type=\"checkbox\" name=\"checkbox-509\" value=\"Pas du tout satisfaisant\" \/><span class=\"wpcf7-list-item-label\">Pas du tout satisfaisant<\/span><\/label><\/span><\/span><\/span>\n<\/td>\n<td width=\"34%\">Explication des offres (parrainages, tickets...)<br \/>\n<span class=\"wpcf7-form-control-wrap checkbox-239\"><span class=\"wpcf7-form-control wpcf7-checkbox wpcf7-exclusive-checkbox\"><span class=\"wpcf7-list-item first last\"><label><input type=\"checkbox\" name=\"checkbox-239\" value=\"Tr\u00e8s satisfaisant\" \/><span class=\"wpcf7-list-item-label\">Tr\u00e8s satisfaisant<\/span><\/label><\/span><\/span><\/span><br \/>\n<span class=\"wpcf7-form-control-wrap checkbox-239\"><span class=\"wpcf7-form-control wpcf7-checkbox wpcf7-exclusive-checkbox\"><span class=\"wpcf7-list-item first last\"><label><input type=\"checkbox\" name=\"checkbox-239\" value=\"Satisfaisant\" \/><span class=\"wpcf7-list-item-label\">Satisfaisant<\/span><\/label><\/span><\/span><\/span><br \/>\n<span class=\"wpcf7-form-control-wrap checkbox-239\"><span class=\"wpcf7-form-control wpcf7-checkbox wpcf7-exclusive-checkbox\"><span class=\"wpcf7-list-item first last\"><label><input type=\"checkbox\" name=\"checkbox-239\" value=\"Peu satisfaisant\" \/><span class=\"wpcf7-list-item-label\">Peu satisfaisant<\/span><\/label><\/span><\/span><\/span><br \/>\n<span class=\"wpcf7-form-control-wrap checkbox-239\"><span class=\"wpcf7-form-control wpcf7-checkbox wpcf7-exclusive-checkbox\"><span class=\"wpcf7-list-item first last\"><label><input type=\"checkbox\" name=\"checkbox-239\" value=\"Pas du tout satisfaisant\" \/><span class=\"wpcf7-list-item-label\">Pas du tout satisfaisant<\/span><\/label><\/span><\/span><\/span>\n<\/td>\n<td width=\"34%\">Rapport qualit\u00e9\/prix<br \/>\n<span class=\"wpcf7-form-control-wrap checkbox-240\"><span class=\"wpcf7-form-control wpcf7-checkbox wpcf7-exclusive-checkbox\"><span class=\"wpcf7-list-item first last\"><label><input type=\"checkbox\" name=\"checkbox-240\" value=\"Tr\u00e8s satisfaisant\" \/><span class=\"wpcf7-list-item-label\">Tr\u00e8s satisfaisant<\/span><\/label><\/span><\/span><\/span><br \/>\n<span class=\"wpcf7-form-control-wrap checkbox-240\"><span class=\"wpcf7-form-control wpcf7-checkbox wpcf7-exclusive-checkbox\"><span class=\"wpcf7-list-item first last\"><label><input type=\"checkbox\" name=\"checkbox-240\" value=\"Satisfaisant\" \/><span class=\"wpcf7-list-item-label\">Satisfaisant<\/span><\/label><\/span><\/span><\/span><br \/>\n<span class=\"wpcf7-form-control-wrap checkbox-240\"><span class=\"wpcf7-form-control wpcf7-checkbox wpcf7-exclusive-checkbox\"><span class=\"wpcf7-list-item first last\"><label><input type=\"checkbox\" name=\"checkbox-240\" value=\"Peu satisfaisant\" \/><span class=\"wpcf7-list-item-label\">Peu satisfaisant<\/span><\/label><\/span><\/span><\/span><br \/>\n<span class=\"wpcf7-form-control-wrap checkbox-240\"><span class=\"wpcf7-form-control wpcf7-checkbox wpcf7-exclusive-checkbox\"><span class=\"wpcf7-list-item first last\"><label><input type=\"checkbox\" name=\"checkbox-240\" value=\"Pas du tout satisfaisant\" \/><span class=\"wpcf7-list-item-label\">Pas du tout satisfaisant<\/span><\/label><\/span><\/span><\/span>\n<\/td>\n<td width=\"33%\">Recommanderiez-vous le salon Le Coiffeur by Lisa \u00e0 vos proches :<br \/>\n<span class=\"wpcf7-form-control-wrap checkbox-754\"><span class=\"wpcf7-form-control wpcf7-checkbox wpcf7-exclusive-checkbox\"><span class=\"wpcf7-list-item first last\"><label><input type=\"checkbox\" name=\"checkbox-754\" value=\"oui\" \/><span class=\"wpcf7-list-item-label\">oui<\/span><\/label><\/span><\/span><\/span><br \/>\n<span class=\"wpcf7-form-control-wrap checkbox-754\"><span class=\"wpcf7-form-control wpcf7-checkbox wpcf7-exclusive-checkbox\"><span class=\"wpcf7-list-item first last\"><label><input type=\"checkbox\" name=\"checkbox-754\" value=\"non\" \/><span class=\"wpcf7-list-item-label\">non<\/span><\/label><\/span><\/span><\/span>\n<\/td>\n<\/tr>\n<\/table>\n<h3><font color=\"#00ADAD\">Pour am\u00e9liorer le salon<\/font><\/h3>\n<p><span class=\"wpcf7-form-control-wrap textarea-100\"><textarea name=\"textarea-100\" cols=\"40\" rows=\"10\" class=\"wpcf7-form-control wpcf7-textarea\" aria-invalid=\"false\"><\/textarea><\/span><br \/>\n<span class=\"wpcf7-form-control-wrap email-698\"><input type=\"email\" name=\"email-698\" value=\"Votre e-mail\" size=\"40\" class=\"wpcf7-form-control wpcf7-text wpcf7-email wpcf7-validates-as-email\" aria-invalid=\"false\" \/><\/span><br \/>\n<input type=\"submit\" value=\"Envoyer le questionnaire\" class=\"wpcf7-form-control has-spinner wpcf7-submit\" \/><\/p>\n<div class=\"wpcf7-response-output\" aria-hidden=\"true\"><\/div><\/form><\/div>\n<h6>Conform\u00e9ment \u00e0 la loi \u00ab Informatique et Libert\u00e9 \u00bb du 6 janvier 1978, vous disposez d\u2019un droit d\u2019acc\u00e8s, de modification, de rectification et de suppression des donn\u00e9es personnelles qui vous concernent. Pour cela, il suffit d\u2019en faire la demande \u00e0 contact@avenue73.fr. D\u00e9claration conformit\u00e9 \u00e0 une norme simplifi\u00e9e N\u00b01757488v0, SARL HAIR BUSINESS DEVELOPPEMENT, siret 75370966600022.<\/h6>\n","protected":false},"excerpt":{"rendered":"<p>Merci de r\u00e9pondre \u00e0 ce questionnaire afin d&rsquo;am\u00e9liorer au mieux nos services. Conform\u00e9ment \u00e0 la loi \u00ab Informatique et Libert\u00e9 \u00bb du 6 janvier 1978, vous disposez d\u2019un droit d\u2019acc\u00e8s, de modification, de rectification et de suppression des donn\u00e9es personnelles qui vous concernent. Pour cela, il suffit d\u2019en faire la demande \u00e0 contact@avenue73.fr. D\u00e9claration conformit\u00e9 [&hellip;]<\/p>\n","protected":false},"author":2,"featured_media":0,"parent":0,"menu_order":0,"comment_status":"closed","ping_status":"closed","template":"","meta":{"footnotes":""},"_links":{"self":[{"href":"https:\/\/lecoiffeurbylisa.fr\/index.php?rest_route=\/wp\/v2\/pages\/23"}],"collection":[{"href":"https:\/\/lecoiffeurbylisa.fr\/index.php?rest_route=\/wp\/v2\/pages"}],"about":[{"href":"https:\/\/lecoiffeurbylisa.fr\/index.php?rest_route=\/wp\/v2\/types\/page"}],"author":[{"embeddable":true,"href":"https:\/\/lecoiffeurbylisa.fr\/index.php?rest_route=\/wp\/v2\/users\/2"}],"replies":[{"embeddable":true,"href":"https:\/\/lecoiffeurbylisa.fr\/index.php?rest_route=%2Fwp%2Fv2%2Fcomments&post=23"}],"version-history":[{"count":3,"href":"https:\/\/lecoiffeurbylisa.fr\/index.php?rest_route=\/wp\/v2\/pages\/23\/revisions"}],"predecessor-version":[{"id":81,"href":"https:\/\/lecoiffeurbylisa.fr\/index.php?rest_route=\/wp\/v2\/pages\/23\/revisions\/81"}],"wp:attachment":[{"href":"https:\/\/lecoiffeurbylisa.fr\/index.php?rest_route=%2Fwp%2Fv2%2Fmedia&parent=23"}],"curies":[{"name":"wp","href":"https:\/\/api.w.org\/{rel}","templated":true}]}}