{"id":135,"date":"2018-03-14T11:00:01","date_gmt":"2018-03-14T11:00:01","guid":{"rendered":"http:\/\/lecoiffeurbylisa.fr\/?page_id=135"},"modified":"2022-11-14T10:50:08","modified_gmt":"2022-11-14T10:50:08","slug":"appli-mobile","status":"publish","type":"page","link":"https:\/\/lecoiffeurbylisa.fr\/?page_id=135","title":{"rendered":"Appli mobile"},"content":{"rendered":"\n<p>Votre salon Le Coiffeur by Lisa lance sa nouvelle application MonCoiffeur.fr. Acc\u00e9dez au <strong>suivi de vos remises et bons plans<\/strong> en cours dans votre salon, <strong>consultez l&rsquo;historique de vos rendez-vous pass\u00e9s et futurs<\/strong>, <strong>prenez rdv facilement gr\u00e2ce au e-rdv<\/strong>, et plus encore !<\/p>\n\n\n\n<p>Nous vous laissons t\u00e9l\u00e9charger et d\u00e9couvrir tous les fonctionnalit\u00e9s de l&rsquo;application mobile de votre salon de coiffure !<\/p>\n\n\n\n<p><strong>&nbsp;<a href=\"http:\/\/www.moncoiffeur.fr\/application-mobile-coiffeur\/\">Tuto : Comment utiliser l&rsquo;application + FAQ<\/a><\/strong><\/p>\n\n\n\n<p><em>Cliquez sur l&rsquo;image pour t\u00e9l\u00e9charger l&rsquo;application<\/em><\/p>\n\n\n\n<figure class=\"wp-block-image size-large\"><a href=\"https:\/\/lecoiffeurbylisa.fr\/wp-content\/uploads\/2022\/11\/post-face-book-et-insta-scaled.jpg\" target=\"_blank\" rel=\"noreferrer noopener\"><img loading=\"lazy\" decoding=\"async\" width=\"1024\" height=\"1024\" src=\"https:\/\/lecoiffeurbylisa.fr\/wp-content\/uploads\/2022\/11\/post-face-book-et-insta-1024x1024.jpg\" alt=\"\" class=\"wp-image-185\" srcset=\"https:\/\/lecoiffeurbylisa.fr\/wp-content\/uploads\/2022\/11\/post-face-book-et-insta-1024x1024.jpg 1024w, https:\/\/lecoiffeurbylisa.fr\/wp-content\/uploads\/2022\/11\/post-face-book-et-insta-300x300.jpg 300w, https:\/\/lecoiffeurbylisa.fr\/wp-content\/uploads\/2022\/11\/post-face-book-et-insta-150x150.jpg 150w, https:\/\/lecoiffeurbylisa.fr\/wp-content\/uploads\/2022\/11\/post-face-book-et-insta-768x768.jpg 768w\" sizes=\"(max-width: 1024px) 100vw, 1024px\" \/><\/a><\/figure>\n","protected":false},"excerpt":{"rendered":"<p>Votre salon Le Coiffeur by Lisa lance sa nouvelle application MonCoiffeur.fr. Acc\u00e9dez au suivi de vos remises et bons plans en cours dans votre salon, consultez l&rsquo;historique de vos rendez-vous pass\u00e9s et futurs, prenez rdv facilement gr\u00e2ce au e-rdv, et plus encore ! Nous vous laissons t\u00e9l\u00e9charger et d\u00e9couvrir tous les fonctionnalit\u00e9s de l&rsquo;application mobile [&hellip;]<\/p>\n","protected":false},"author":2,"featured_media":0,"parent":0,"menu_order":0,"comment_status":"closed","ping_status":"closed","template":"","meta":{"footnotes":""},"_links":{"self":[{"href":"https:\/\/lecoiffeurbylisa.fr\/index.php?rest_route=\/wp\/v2\/pages\/135"}],"collection":[{"href":"https:\/\/lecoiffeurbylisa.fr\/index.php?rest_route=\/wp\/v2\/pages"}],"about":[{"href":"https:\/\/lecoiffeurbylisa.fr\/index.php?rest_route=\/wp\/v2\/types\/page"}],"author":[{"embeddable":true,"href":"https:\/\/lecoiffeurbylisa.fr\/index.php?rest_route=\/wp\/v2\/users\/2"}],"replies":[{"embeddable":true,"href":"https:\/\/lecoiffeurbylisa.fr\/index.php?rest_route=%2Fwp%2Fv2%2Fcomments&post=135"}],"version-history":[{"count":8,"href":"https:\/\/lecoiffeurbylisa.fr\/index.php?rest_route=\/wp\/v2\/pages\/135\/revisions"}],"predecessor-version":[{"id":184,"href":"https:\/\/lecoiffeurbylisa.fr\/index.php?rest_route=\/wp\/v2\/pages\/135\/revisions\/184"}],"wp:attachment":[{"href":"https:\/\/lecoiffeurbylisa.fr\/index.php?rest_route=%2Fwp%2Fv2%2Fmedia&parent=135"}],"curies":[{"name":"wp","href":"https:\/\/api.w.org\/{rel}","templated":true}]}}